{"id":7,"date":"2024-08-22T20:07:59","date_gmt":"2024-08-22T18:07:59","guid":{"rendered":"https:\/\/www.studiokotoa.fi\/?page_id=7"},"modified":"2024-08-22T20:37:42","modified_gmt":"2024-08-22T18:37:42","slug":"elementor-7","status":"publish","type":"page","link":"https:\/\/www.studiokotoa.fi\/","title":{"rendered":"Studio Kotoa"},"content":{"rendered":"\t\t<div data-elementor-type=\"wp-post\" data-elementor-id=\"7\" class=\"elementor elementor-7\" data-elementor-post-type=\"page\">\n\t\t\t\t<div class=\"elementor-element elementor-element-829dfd0 e-flex e-con-boxed e-con e-parent\" data-id=\"829dfd0\" data-element_type=\"container\" data-e-type=\"container\" data-settings=\"{&quot;background_background&quot;:&quot;classic&quot;}\">\n\t\t\t\t\t<div class=\"e-con-inner\">\n\t\t<div class=\"elementor-element elementor-element-49b01e4 e-con-full e-flex e-con e-child\" data-id=\"49b01e4\" data-element_type=\"container\" data-e-type=\"container\">\n\t\t\t\t<div class=\"elementor-element elementor-element-61713e9 elementor-widget elementor-widget-image\" data-id=\"61713e9\" data-element_type=\"widget\" data-e-type=\"widget\" data-widget_type=\"image.default\">\n\t\t\t\t<div class=\"elementor-widget-container\">\n\t\t\t\t\t\t\t\t\t\t\t\t\t\t\t<img fetchpriority=\"high\" decoding=\"async\" width=\"600\" height=\"604\" src=\"https:\/\/www.studiokotoa.fi\/wp-content\/uploads\/2024\/08\/Logo2.jpg\" class=\"attachment-medium_large size-medium_large wp-image-10\" alt=\"\" \/>\t\t\t\t\t\t\t\t\t\t\t\t\t\t\t<\/div>\n\t\t\t\t<\/div>\n\t\t\t\t<\/div>\n\t\t<div class=\"elementor-element elementor-element-4da0ed0 e-con-full e-flex e-con e-child\" data-id=\"4da0ed0\" data-element_type=\"container\" data-e-type=\"container\">\n\t\t<div class=\"elementor-element elementor-element-446eda8 e-con-full e-flex e-con e-child\" data-id=\"446eda8\" data-element_type=\"container\" data-e-type=\"container\">\n\t\t\t\t<div class=\"elementor-element elementor-element-5f98cf9 elementor-widget elementor-widget-heading\" data-id=\"5f98cf9\" data-element_type=\"widget\" data-e-type=\"widget\" data-widget_type=\"heading.default\">\n\t\t\t\t<div class=\"elementor-widget-container\">\n\t\t\t\t\t<h2 class=\"elementor-heading-title elementor-size-default\">Parturi-Kampaamo Studio Kotoa on avannut ovensa Kangasalla!\n\n<\/h2>\t\t\t\t<\/div>\n\t\t\t\t<\/div>\n\t\t\t\t<div class=\"elementor-element elementor-element-5e43501 elementor-widget elementor-widget-heading\" data-id=\"5e43501\" data-element_type=\"widget\" data-e-type=\"widget\" data-widget_type=\"heading.default\">\n\t\t\t\t<div class=\"elementor-widget-container\">\n\t\t\t\t\t<h2 class=\"elementor-heading-title elementor-size-default\">Varsinaiset nettisivut avataan l\u00e4hiaikoina - onneksi alla olevasta napista p\u00e4\u00e4set kuitenkin jo varaamaan ajan!<\/h2>\t\t\t\t<\/div>\n\t\t\t\t<\/div>\n\t\t\t\t<\/div>\n\t\t<div class=\"elementor-element elementor-element-698036c e-con-full e-flex e-con e-child\" data-id=\"698036c\" data-element_type=\"container\" data-e-type=\"container\">\n\t\t\t\t<div class=\"elementor-element elementor-element-a78720e elementor-mobile-align-center elementor-widget elementor-widget-button\" data-id=\"a78720e\" data-element_type=\"widget\" data-e-type=\"widget\" data-widget_type=\"button.default\">\n\t\t\t\t<div class=\"elementor-widget-container\">\n\t\t\t\t\t\t\t\t\t<div class=\"elementor-button-wrapper\">\n\t\t\t\t\t<a class=\"elementor-button elementor-button-link elementor-size-sm\" href=\"https:\/\/booksalon.fi\/salon\/studio-kotoa?booking-state=N4IgpgtgDgNg9gTzGAkgExALhANjwIwBYAOHAdgEML8AGQimmgJjLAE5Cn8BjEAXyA\">\n\t\t\t\t\t\t<span class=\"elementor-button-content-wrapper\">\n\t\t\t\t\t\t\t\t\t<span class=\"elementor-button-text\">VARAA AIKASI T\u00c4ST\u00c4<\/span>\n\t\t\t\t\t<\/span>\n\t\t\t\t\t<\/a>\n\t\t\t\t<\/div>\n\t\t\t\t\t\t\t\t<\/div>\n\t\t\t\t<\/div>\n\t\t\t\t<div class=\"elementor-element elementor-element-e75060a elementor-widget elementor-widget-text-editor\" data-id=\"e75060a\" data-element_type=\"widget\" data-e-type=\"widget\" data-widget_type=\"text-editor.default\">\n\t\t\t\t<div class=\"elementor-widget-container\">\n\t\t\t\t\t\t\t\t\t<p><strong>Studio Kotoa<\/strong><\/p><p>Kyyr\u00f6l\u00e4nkuja 2, 36200 Kangasala<\/p><p>p. 045 234 7179<\/p><p>booksalon.fi\/studio-kotoa<\/p>\t\t\t\t\t\t\t\t<\/div>\n\t\t\t\t<\/div>\n\t\t\t\t<\/div>\n\t\t\t\t<\/div>\n\t\t\t\t\t<\/div>\n\t\t\t\t<\/div>\n\t\t\t\t<\/div>\n\t\t","protected":false},"excerpt":{"rendered":"<p>Parturi-Kampaamo Studio Kotoa on avannut ovensa Kangasalla! Varsinaiset nettisivut avataan l\u00e4hiaikoina &#8211; onneksi alla olevasta napista p\u00e4\u00e4set kuitenkin jo varaamaan ajan! VARAA AIKASI T\u00c4ST\u00c4 Studio Kotoa Kyyr\u00f6l\u00e4nkuja 2, 36200 Kangasala p. 045 234 7179 booksalon.fi\/studio-kotoa<\/p>\n","protected":false},"author":1,"featured_media":0,"parent":0,"menu_order":0,"comment_status":"closed","ping_status":"closed","template":"elementor_canvas","meta":{"footnotes":""},"class_list":["post-7","page","type-page","status-publish","hentry"],"_links":{"self":[{"href":"https:\/\/www.studiokotoa.fi\/index.php\/wp-json\/wp\/v2\/pages\/7"}],"collection":[{"href":"https:\/\/www.studiokotoa.fi\/index.php\/wp-json\/wp\/v2\/pages"}],"about":[{"href":"https:\/\/www.studiokotoa.fi\/index.php\/wp-json\/wp\/v2\/types\/page"}],"author":[{"embeddable":true,"href":"https:\/\/www.studiokotoa.fi\/index.php\/wp-json\/wp\/v2\/users\/1"}],"replies":[{"embeddable":true,"href":"https:\/\/www.studiokotoa.fi\/index.php\/wp-json\/wp\/v2\/comments?post=7"}],"version-history":[{"count":21,"href":"https:\/\/www.studiokotoa.fi\/index.php\/wp-json\/wp\/v2\/pages\/7\/revisions"}],"predecessor-version":[{"id":37,"href":"https:\/\/www.studiokotoa.fi\/index.php\/wp-json\/wp\/v2\/pages\/7\/revisions\/37"}],"wp:attachment":[{"href":"https:\/\/www.studiokotoa.fi\/index.php\/wp-json\/wp\/v2\/media?parent=7"}],"curies":[{"name":"wp","href":"https:\/\/api.w.org\/{rel}","templated":true}]}}